{"id":273,"date":"2023-09-17T08:48:34","date_gmt":"2023-09-17T08:48:34","guid":{"rendered":"http:\/\/vocaljazzduo.de\/?page_id=273"},"modified":"2023-09-17T09:03:07","modified_gmt":"2023-09-17T09:03:07","slug":"malika-alaoui","status":"publish","type":"page","link":"http:\/\/vocaljazzduo.de\/?page_id=273","title":{"rendered":"Malika Alaoui"},"content":{"rendered":"\n<figure class=\"wp-block-image size-large\"><img loading=\"lazy\" decoding=\"async\" width=\"1024\" height=\"681\" src=\"http:\/\/vocaljazzduo.de\/wp-content\/uploads\/2022\/09\/3-1024x681.jpg\" alt=\"\" class=\"wp-image-121\" srcset=\"http:\/\/vocaljazzduo.de\/wp-content\/uploads\/2022\/09\/3-1024x681.jpg 1024w, http:\/\/vocaljazzduo.de\/wp-content\/uploads\/2022\/09\/3-300x199.jpg 300w, http:\/\/vocaljazzduo.de\/wp-content\/uploads\/2022\/09\/3-768x510.jpg 768w, http:\/\/vocaljazzduo.de\/wp-content\/uploads\/2022\/09\/3-1536x1021.jpg 1536w, http:\/\/vocaljazzduo.de\/wp-content\/uploads\/2022\/09\/3-2048x1361.jpg 2048w\" sizes=\"auto, (max-width: 1024px) 100vw, 1024px\" \/><\/figure>\n\n\n\n<h2 class=\"has-x-large-font-size wp-block-heading\" style=\"font-style:normal;font-weight:300\">Malika Alaoui<\/h2>\n\n\n\n<p class=\"has-medium-font-size\">Die in Lausanne geborene S\u00e4ngerin Malika Alaoui war f\u00fcr mehr als sechs Jahre mit dem \u201eCirque du Soleil\u201c auf der ganzen Welt unterwegs. Sie sang die Hauptrolle in der Show \u201eAlegr\u00eda\u201c, eine der erfolgreichsten B\u00fchnenproduktionen, die es je gab. Sie hat mit Gr\u00f6\u00dfen wie Stuart Hamm und Robert Fripp zusammengearbeitet und kaum ein Genre der Musik d\u00fcrfte ihr fremd sein.<\/p>\n","protected":false},"excerpt":{"rendered":"<p>Malika Alaoui Die in Lausanne geborene S\u00e4ngerin Malika Alaoui war f\u00fcr mehr als sechs Jahre mit dem \u201eCirque du Soleil\u201c auf der ganzen Welt unterwegs. Sie sang die Hauptrolle in der Show \u201eAlegr\u00eda\u201c, eine der erfolgreichsten B\u00fchnenproduktionen, die es je gab. Sie hat mit Gr\u00f6\u00dfen wie Stuart Hamm und Robert Fripp zusammengearbeitet und kaum ein [&hellip;]<\/p>\n","protected":false},"author":1,"featured_media":0,"parent":0,"menu_order":0,"comment_status":"closed","ping_status":"closed","template":"","meta":{"om_disable_all_campaigns":false,"_monsterinsights_skip_tracking":false,"_monsterinsights_sitenote_active":false,"_monsterinsights_sitenote_note":"","_monsterinsights_sitenote_category":0,"footnotes":""},"class_list":["post-273","page","type-page","status-publish","hentry","post"],"aioseo_notices":[],"_links":{"self":[{"href":"http:\/\/vocaljazzduo.de\/index.php?rest_route=\/wp\/v2\/pages\/273","targetHints":{"allow":["GET"]}}],"collection":[{"href":"http:\/\/vocaljazzduo.de\/index.php?rest_route=\/wp\/v2\/pages"}],"about":[{"href":"http:\/\/vocaljazzduo.de\/index.php?rest_route=\/wp\/v2\/types\/page"}],"author":[{"embeddable":true,"href":"http:\/\/vocaljazzduo.de\/index.php?rest_route=\/wp\/v2\/users\/1"}],"replies":[{"embeddable":true,"href":"http:\/\/vocaljazzduo.de\/index.php?rest_route=%2Fwp%2Fv2%2Fcomments&post=273"}],"version-history":[{"count":3,"href":"http:\/\/vocaljazzduo.de\/index.php?rest_route=\/wp\/v2\/pages\/273\/revisions"}],"predecessor-version":[{"id":301,"href":"http:\/\/vocaljazzduo.de\/index.php?rest_route=\/wp\/v2\/pages\/273\/revisions\/301"}],"wp:attachment":[{"href":"http:\/\/vocaljazzduo.de\/index.php?rest_route=%2Fwp%2Fv2%2Fmedia&parent=273"}],"curies":[{"name":"wp","href":"https:\/\/api.w.org\/{rel}","templated":true}]}}